{"id":503,"date":"2021-07-04T15:35:58","date_gmt":"2021-07-04T15:35:58","guid":{"rendered":"https:\/\/larson-demo.bslthemes.com\/?page_id=503"},"modified":"2026-05-12T05:14:42","modified_gmt":"2026-05-12T05:14:42","slug":"noticias","status":"publish","type":"page","link":"https:\/\/acesarquitectos.com\/index.php\/noticias\/","title":{"rendered":"Noticias"},"content":{"rendered":"\t\t<div data-elementor-type=\"wp-page\" data-elementor-id=\"503\" class=\"elementor elementor-503\" data-elementor-post-type=\"page\">\n\t\t\t\t\t\t<section class=\"elementor-section elementor-top-section elementor-element elementor-element-a41e2b2 elementor-section-full_width elementor-section-height-default elementor-section-height-default\" data-id=\"a41e2b2\" data-element_type=\"section\" data-settings=\"{&quot;jet_parallax_layout_list&quot;:[]}\">\n\t\t\t\t\t\t<div class=\"elementor-container elementor-column-gap-no\">\n\t\t\t\t\t<div class=\"elementor-column elementor-col-100 elementor-top-column elementor-element elementor-element-97c067e\" data-id=\"97c067e\" data-element_type=\"column\">\n\t\t\t<div class=\"elementor-widget-wrap elementor-element-populated\">\n\t\t\t\t\t\t<div class=\"elementor-element elementor-element-68a11ce elementor-widget elementor-widget-html\" data-id=\"68a11ce\" data-element_type=\"widget\" data-widget_type=\"html.default\">\n\t\t\t\t\t<style>\n.ponencias-wrap {\n    max-width: 1200px;\n    margin: 0 auto;\n    padding: 60px 20px;\n    font-family: inherit;\n}\n\n\/* Layout principal: texto izquierda, slider derecha *\/\n.ponencias-layout {\n    display: grid;\n    grid-template-columns: 1fr 1.4fr;\n    gap: 60px;\n    align-items: start;\n    margin-bottom: 70px;\n}\n\n\/* TEXTO IZQUIERDA *\/\n.ponencias-texto {\n    position: sticky;\n    top: 120px;\n}\n\n.ponencias-label {\n    font-size: 10px;\n    letter-spacing: 4px;\n    text-transform: uppercase;\n    color: #999;\n    margin-bottom: 16px;\n    display: block;\n}\n\n.ponencias-titulo {\n    font-size: 36px;\n    letter-spacing: 3px;\n    text-transform: uppercase;\n    font-weight: 700;\n    color: #111;\n    line-height: 1.1;\n    margin-bottom: 32px;\n}\n\n.ponencias-divisor {\n    width: 40px;\n    height: 2px;\n    background: #c8a96e;\n    margin-bottom: 28px;\n}\n\n.ponencias-intro {\n    font-size: 13px;\n    line-height: 1.9;\n    color: #555;\n}\n\n.ponencias-intro p {\n    margin-bottom: 18px;\n}\n\n\/* SLIDER DERECHA *\/\n.ponencias-slider-wrap {\n    position: relative;\n}\n\n.ponencias-slider {\n    position: relative;\n    width: 100%;\n    aspect-ratio: 4\/3;\n    overflow: hidden;\n    background: #111;\n}\n\n.ponencias-slide {\n    position: absolute;\n    inset: 0;\n    opacity: 0;\n    transition: opacity 1s ease;\n}\n\n.ponencias-slide.activo {\n    opacity: 1;\n}\n\n.ponencias-slide img {\n    width: 100%;\n    height: 100%;\n    object-fit: cover;\n    display: block;\n}\n\n\/* Overlay con etiqueta del evento *\/\n.ponencias-slide-label {\n    position: absolute;\n    bottom: 0;\n    left: 0;\n    right: 0;\n    background: linear-gradient(to top, rgba(0,0,0,0.85) 0%, rgba(0,0,0,0) 100%);\n    padding: 40px 20px 18px;\n    color: #fff;\n}\n\n.ponencias-slide-evento {\n    font-size: 11px;\n    letter-spacing: 2px;\n    text-transform: uppercase;\n    opacity: 0.75;\n    margin-bottom: 4px;\n}\n\n.ponencias-slide-desc {\n    font-size: 14px;\n    font-weight: 600;\n    letter-spacing: 1px;\n}\n\n\/* Navegaci\u00f3n personalizada *\/\n.ponencias-nav {\n    display: flex;\n    gap: 0;\n    margin-top: 0;\n    border-top: 1px solid #ddd;\n}\n\n.ponencias-nav-item {\n    flex: 1;\n    padding: 14px 10px;\n    cursor: pointer;\n    border-bottom: 3px solid transparent;\n    transition: all 0.3s ease;\n    text-align: center;\n}\n\n.ponencias-nav-item:hover {\n    background: #f5f5f5;\n}\n\n.ponencias-nav-item.activo {\n    border-bottom-color: #c8a96e;\n    background: #fafafa;\n}\n\n.ponencias-nav-evento {\n    font-size: 9px;\n    letter-spacing: 1.5px;\n    text-transform: uppercase;\n    color: #999;\n    margin-bottom: 3px;\n}\n\n.ponencias-nav-num {\n    font-size: 13px;\n    font-weight: 600;\n    color: #333;\n}\n\n\/* TABLA *\/\n.ponencias-tabla-wrap {\n    margin-top: 20px;\n}\n\n.ponencias-tabla-titulo {\n    font-size: 11px;\n    letter-spacing: 3px;\n    text-transform: uppercase;\n    color: #999;\n    margin-bottom: 20px;\n}\n\n.ponencias-tabla {\n    width: 100%;\n    border-collapse: collapse;\n}\n\n.ponencias-tabla th {\n    text-align: left;\n    padding: 14px 16px;\n    border-bottom: 2px solid #111;\n    font-size: 10px;\n    letter-spacing: 2px;\n    text-transform: uppercase;\n    font-weight: 600;\n    color: #111;\n}\n\n.ponencias-tabla td {\n    padding: 18px 16px;\n    border-bottom: 1px solid #eee;\n    font-size: 13px;\n    color: #444;\n    vertical-align: middle;\n}\n\n.ponencias-tabla tr:hover td {\n    background: #fafafa;\n}\n\n.ponencias-tabla .evento-tag {\n    display: inline-block;\n    font-size: 9px;\n    letter-spacing: 1.5px;\n    text-transform: uppercase;\n    padding: 3px 8px;\n    background: #f0ebe3;\n    color: #888;\n    margin-left: 10px;\n    vertical-align: middle;\n}\n\n\/* Responsive *\/\n@media (max-width: 900px) {\n    .ponencias-layout {\n        grid-template-columns: 1fr;\n        gap: 40px;\n    }\n    .ponencias-texto {\n        position: relative;\n        top: auto;\n    }\n    .ponencias-titulo {\n        font-size: 28px;\n    }\n}\n\n@media (max-width: 600px) {\n    .ponencias-wrap {\n        padding: 40px 16px;\n    }\n    .ponencias-titulo {\n        font-size: 22px;\n    }\n    .ponencias-nav-evento {\n        font-size: 7px;\n    }\n    .ponencias-nav-num {\n        font-size: 11px;\n    }\n}\n<\/style>\n\n<div class=\"ponencias-wrap\">\n\n    <!-- Layout principal -->\n    <div class=\"ponencias-layout\">\n    \n        <!-- Texto izquierda -->\n        <div class=\"ponencias-texto\">\n            <span class=\"ponencias-label\">Nosotros \u00b7 Difusi\u00f3n<\/span>\n            <h1 class=\"ponencias-titulo\">Ponencias<\/h1>\n            <div class=\"ponencias-divisor\"><\/div>\n            <div class=\"ponencias-intro\">\n                <p>En ACES Arquitecto creemos en la difusi\u00f3n del conocimiento y el intercambio profesional como parte fundamental del desarrollo de la arquitectura.<\/p>\n                <p>Hemos participado en conferencias, charlas y espacios acad\u00e9micos, compartiendo nuestra experiencia en dise\u00f1o, normativa, planificaci\u00f3n urbana y desarrollo de proyectos.<\/p>\n                <p>A trav\u00e9s de estas participaciones, buscamos aportar una visi\u00f3n pr\u00e1ctica y estrat\u00e9gica de la arquitectura, integrando el dise\u00f1o con la gesti\u00f3n, la normativa y la viabilidad de los proyectos.<\/p>\n            <\/div>\n        <\/div>\n\n        <!-- Slider derecha -->\n        <div class=\"ponencias-slider-wrap\">\n            <div class=\"ponencias-slider\" id=\"ponenciasSlider\">\n\n                <div class=\"ponencias-slide activo\" data-evento=\"C\u00e9sar Ricaldi\" data-desc=\"Presentaci\u00f3n Principal\">\n                    <img decoding=\"async\" src=\"http:\/\/acesarquitectos.com\/wp-content\/uploads\/2026\/05\/PONENCIAS.jpg\" alt=\"C\u00e9sar Ricaldi - Ponencia\">\n                    <div class=\"ponencias-slide-label\">\n                        <div class=\"ponencias-slide-evento\">C\u00e9sar Ricaldi<\/div>\n                        <div class=\"ponencias-slide-desc\">Presentaci\u00f3n Principal<\/div>\n                    <\/div>\n                <\/div>\n\n                <div class=\"ponencias-slide\" data-evento=\"C\u00e9sar Ricaldi\" data-desc=\"En el escenario\">\n                    <img decoding=\"async\" src=\"http:\/\/acesarquitectos.com\/wp-content\/uploads\/2026\/05\/PONENCIAS-1.jpg\" alt=\"C\u00e9sar Ricaldi\">\n                    <div class=\"ponencias-slide-label\">\n                        <div class=\"ponencias-slide-evento\">C\u00e9sar Ricaldi<\/div>\n                        <div class=\"ponencias-slide-desc\">En el escenario<\/div>\n                    <\/div>\n                <\/div>\n\n                <div class=\"ponencias-slide\" data-evento=\"Expo Constructor\" data-desc=\"Lima, Per\u00fa \u00b7 2025\">\n                    <img decoding=\"async\" src=\"http:\/\/acesarquitectos.com\/wp-content\/uploads\/2026\/05\/PONENCIAS-2.jpg\" alt=\"Expo Constructor\">\n                    <div class=\"ponencias-slide-label\">\n                        <div class=\"ponencias-slide-evento\">Expo Constructor<\/div>\n                        <div class=\"ponencias-slide-desc\">Lima, Per\u00fa \u00b7 2025<\/div>\n                    <\/div>\n                <\/div>\n\n                <div class=\"ponencias-slide\" data-evento=\"Expo Constructor\" data-desc=\"Lima, Per\u00fa \u00b7 2025\">\n                    <img decoding=\"async\" src=\"http:\/\/acesarquitectos.com\/wp-content\/uploads\/2026\/05\/PONENCIAS-3.jpg\" alt=\"Expo Constructor\">\n                    <div class=\"ponencias-slide-label\">\n                        <div class=\"ponencias-slide-evento\">Expo Constructor<\/div>\n                        <div class=\"ponencias-slide-desc\">Lima, Per\u00fa \u00b7 2025<\/div>\n                    <\/div>\n                <\/div>\n\n                <div class=\"ponencias-slide\" data-evento=\"Expo Constructor\" data-desc=\"Lima, Per\u00fa \u00b7 2025\">\n                    <img decoding=\"async\" src=\"http:\/\/acesarquitectos.com\/wp-content\/uploads\/2026\/05\/PONENCIAS-4.jpg\" alt=\"Expo Constructor\">\n                    <div class=\"ponencias-slide-label\">\n                        <div class=\"ponencias-slide-evento\">Expo Constructor<\/div>\n                        <div class=\"ponencias-slide-desc\">Lima, Per\u00fa \u00b7 2025<\/div>\n                    <\/div>\n                <\/div>\n\n                <div class=\"ponencias-slide\" data-evento=\"Ouke\" data-desc=\"Lima, Per\u00fa \u00b7 2025\">\n                    <img decoding=\"async\" src=\"http:\/\/acesarquitectos.com\/wp-content\/uploads\/2026\/05\/PONENCIAS-6.jpg\" alt=\"Ouke\">\n                    <div class=\"ponencias-slide-label\">\n                        <div class=\"ponencias-slide-evento\">Ouke<\/div>\n                        <div class=\"ponencias-slide-desc\">Lima, Per\u00fa \u00b7 2025<\/div>\n                    <\/div>\n                <\/div>\n\n                <div class=\"ponencias-slide\" data-evento=\"Ouke\" data-desc=\"Lima, Per\u00fa \u00b7 2025\">\n                    <img decoding=\"async\" src=\"http:\/\/acesarquitectos.com\/wp-content\/uploads\/2026\/05\/PONENCIAS-7.jpg\" alt=\"Ouke\">\n                    <div class=\"ponencias-slide-label\">\n                        <div class=\"ponencias-slide-evento\">Ouke<\/div>\n                        <div class=\"ponencias-slide-desc\">Lima, Per\u00fa \u00b7 2025<\/div>\n                    <\/div>\n                <\/div>\n\n                <div class=\"ponencias-slide\" data-evento=\"Ouke\" data-desc=\"Lima, Per\u00fa \u00b7 2025\">\n                    <img decoding=\"async\" src=\"http:\/\/acesarquitectos.com\/wp-content\/uploads\/2026\/05\/PONENCIAS-8.jpg\" alt=\"Ouke\">\n                    <div class=\"ponencias-slide-label\">\n                        <div class=\"ponencias-slide-evento\">Ouke<\/div>\n                        <div class=\"ponencias-slide-desc\">Lima, Per\u00fa \u00b7 2025<\/div>\n                    <\/div>\n                <\/div>\n\n            <\/div>\n\n            <!-- Navegaci\u00f3n personalizada por evento -->\n            <div class=\"ponencias-nav\" id=\"ponenciasNav\">\n                <div class=\"ponencias-nav-item activo\" data-index=\"0\">\n                    <div class=\"ponencias-nav-evento\">C\u00e9sar<\/div>\n                    <div class=\"ponencias-nav-num\">01<\/div>\n                <\/div>\n                <div class=\"ponencias-nav-item\" data-index=\"1\">\n                    <div class=\"ponencias-nav-evento\">C\u00e9sar<\/div>\n                    <div class=\"ponencias-nav-num\">02<\/div>\n                <\/div>\n                <div class=\"ponencias-nav-item\" data-index=\"2\">\n                    <div class=\"ponencias-nav-evento\">Expo<\/div>\n                    <div class=\"ponencias-nav-num\">03<\/div>\n                <\/div>\n                <div class=\"ponencias-nav-item\" data-index=\"3\">\n                    <div class=\"ponencias-nav-evento\">Expo<\/div>\n                    <div class=\"ponencias-nav-num\">04<\/div>\n                <\/div>\n                <div class=\"ponencias-nav-item\" data-index=\"4\">\n                    <div class=\"ponencias-nav-evento\">Expo<\/div>\n                    <div class=\"ponencias-nav-num\">05<\/div>\n                <\/div>\n                <div class=\"ponencias-nav-item\" data-index=\"5\">\n                    <div class=\"ponencias-nav-evento\">Ouke<\/div>\n                    <div class=\"ponencias-nav-num\">06<\/div>\n                <\/div>\n                <div class=\"ponencias-nav-item\" data-index=\"6\">\n                    <div class=\"ponencias-nav-evento\">Ouke<\/div>\n                    <div class=\"ponencias-nav-num\">07<\/div>\n                <\/div>\n                <div class=\"ponencias-nav-item\" data-index=\"7\">\n                    <div class=\"ponencias-nav-evento\">Ouke<\/div>\n                    <div class=\"ponencias-nav-num\">08<\/div>\n                <\/div>\n            <\/div>\n\n        <\/div>\n    <\/div>\n\n    <!-- Tabla de conferencias -->\n    <div class=\"ponencias-tabla-wrap\">\n        <p class=\"ponencias-tabla-titulo\">Participaciones<\/p>\n        <table class=\"ponencias-tabla\">\n            <thead>\n                <tr>\n                    <th>T\u00edtulo de Conferencia<\/th>\n                    <th>Ciudad<\/th>\n                    <th>A\u00f1o<\/th>\n                <\/tr>\n            <\/thead>\n            <tbody>\n                <tr>\n                    <td>Expo Constructor <span class=\"evento-tag\">Ponente<\/span><\/td>\n                    <td>Lima, Per\u00fa<\/td>\n                    <td>2025<\/td>\n                <\/tr>\n                <tr>\n                    <td>Ouke <span class=\"evento-tag\">Ponente<\/span><\/td>\n                    <td>Lima, Per\u00fa<\/td>\n                    <td>2025<\/td>\n                <\/tr>\n            <\/tbody>\n        <\/table>\n    <\/div>\n\n<\/div>\n\n<script>\n(function() {\n    var slides = document.querySelectorAll('#ponenciasSlider .ponencias-slide');\n    var navItems = document.querySelectorAll('#ponenciasNav .ponencias-nav-item');\n    var actual = 0;\n    var timer;\n\n    function irA(idx) {\n        slides[actual].classList.remove('activo');\n        navItems[actual].classList.remove('activo');\n        actual = idx;\n        slides[actual].classList.add('activo');\n        navItems[actual].classList.add('activo');\n    }\n\n    function siguiente() {\n        irA((actual + 1) % slides.length);\n    }\n\n    function iniciarTimer() {\n        timer = setInterval(siguiente, 2500);\n    }\n\n    function detenerTimer() {\n        clearInterval(timer);\n    }\n\n    \/\/ Clic en nav\n    navItems.forEach(function(item) {\n        item.addEventListener('click', function() {\n            detenerTimer();\n            irA(parseInt(this.dataset.index));\n            iniciarTimer();\n        });\n    });\n\n    iniciarTimer();\n})();\n<\/script>\t\t\t\t<\/div>\n\t\t\t\t\t<\/div>\n\t\t<\/div>\n\t\t\t\t\t<\/div>\n\t\t<\/section>\n\t\t\t\t<\/div>\n\t\t","protected":false},"excerpt":{"rendered":"<p>Nosotros \u00b7 Difusi\u00f3n Ponencias En ACES Arquitecto creemos en la difusi\u00f3n del conocimiento y el intercambio profesional como parte fundamental del desarrollo de la arquitectura. Hemos participado en conferencias, charlas y espacios acad\u00e9micos, compartiendo nuestra experiencia en dise\u00f1o, normativa, planificaci\u00f3n urbana y desarrollo de proyectos. A trav\u00e9s de estas participaciones,&#8230; <\/p>\n<div class=\"readmore\"><a href=\"https:\/\/acesarquitectos.com\/index.php\/noticias\/\" class=\"btn-link\">Leer m\u00e1s<\/a><\/div>\n","protected":false},"author":1,"featured_media":0,"parent":0,"menu_order":0,"comment_status":"closed","ping_status":"closed","template":"template-elementor-default.php","meta":{"_acf_changed":false,"footnotes":""},"class_list":["post-503","page","type-page","status-publish","hentry"],"acf":[],"_links":{"self":[{"href":"https:\/\/acesarquitectos.com\/index.php\/wp-json\/wp\/v2\/pages\/503","targetHints":{"allow":["GET"]}}],"collection":[{"href":"https:\/\/acesarquitectos.com\/index.php\/wp-json\/wp\/v2\/pages"}],"about":[{"href":"https:\/\/acesarquitectos.com\/index.php\/wp-json\/wp\/v2\/types\/page"}],"author":[{"embeddable":true,"href":"https:\/\/acesarquitectos.com\/index.php\/wp-json\/wp\/v2\/users\/1"}],"replies":[{"embeddable":true,"href":"https:\/\/acesarquitectos.com\/index.php\/wp-json\/wp\/v2\/comments?post=503"}],"version-history":[{"count":14,"href":"https:\/\/acesarquitectos.com\/index.php\/wp-json\/wp\/v2\/pages\/503\/revisions"}],"predecessor-version":[{"id":2858,"href":"https:\/\/acesarquitectos.com\/index.php\/wp-json\/wp\/v2\/pages\/503\/revisions\/2858"}],"wp:attachment":[{"href":"https:\/\/acesarquitectos.com\/index.php\/wp-json\/wp\/v2\/media?parent=503"}],"curies":[{"name":"wp","href":"https:\/\/api.w.org\/{rel}","templated":true}]}}